{"id":72575,"date":"2024-07-15T11:49:41","date_gmt":"2024-07-15T11:49:41","guid":{"rendered":"https:\/\/www.limeparts-drooghmans.be\/home\/"},"modified":"2025-10-03T09:29:26","modified_gmt":"2025-10-03T09:29:26","slug":"home","status":"publish","type":"page","link":"https:\/\/www.limeparts-drooghmans.be\/fr\/","title":{"rendered":"Home"},"content":{"rendered":"<p>[et_pb_section fb_built=\u00a0\u00bb1&Prime; custom_padding_last_edited=\u00a0\u00bbon|phone\u00a0\u00bb admin_label=\u00a0\u00bbsection\u00a0\u00bb _builder_version=\u00a0\u00bb4.27.0&Prime; custom_padding=\u00a0\u00bb0px||50px|||\u00a0\u00bb custom_padding_tablet=\u00a0\u00bb||0px||false|false\u00a0\u00bb custom_padding_phone=\u00a0\u00bb||0px||false|false\u00a0\u00bb global_colors_info=\u00a0\u00bb{}\u00a0\u00bb][et_pb_row column_structure=\u00a0\u00bb3_4,1_4&Prime; use_custom_gutter=\u00a0\u00bbon\u00a0\u00bb gutter_width=\u00a0\u00bb2&Prime; make_equal=\u00a0\u00bbon\u00a0\u00bb _builder_version=\u00a0\u00bb4.27.0&Prime; _module_preset=\u00a0\u00bbdefault\u00a0\u00bb width=\u00a0\u00bb100%\u00a0\u00bb max_width=\u00a0\u00bb100%\u00a0\u00bb global_colors_info=\u00a0\u00bb{}\u00a0\u00bb][et_pb_column type=\u00a0\u00bb3_4&Prime; _builder_version=\u00a0\u00bb4.26.1&Prime; _module_preset=\u00a0\u00bbdefault\u00a0\u00bb custom_padding=\u00a0\u00bb|||10%|false|false\u00a0\u00bb custom_padding_tablet=\u00a0\u00bb|10%|50px||false|false\u00a0\u00bb custom_padding_phone=\u00a0\u00bb|10%|50px||false|false\u00a0\u00bb custom_padding_last_edited=\u00a0\u00bbon|tablet\u00a0\u00bb custom_css_main_element=\u00a0\u00bbmargin:auto;\u00a0\u00bb global_colors_info=\u00a0\u00bb{}\u00a0\u00bb][et_pb_text _builder_version=\u00a0\u00bb4.27.0&Prime; _module_preset=\u00a0\u00bbdefault\u00a0\u00bb header_font=\u00a0\u00bb|600||on|||||\u00a0\u00bb header_font_size=\u00a0\u00bb4.2vw\u00a0\u00bb header_line_height=\u00a0\u00bb1.3em\u00a0\u00bb header_font_size_tablet=\u00a0\u00bb50px\u00a0\u00bb header_font_size_phone=\u00a0\u00bb32px\u00a0\u00bb header_font_size_last_edited=\u00a0\u00bbon|phone\u00a0\u00bb global_colors_info=\u00a0\u00bb{}\u00a0\u00bb]<\/p>\n<h1>Votre partenaire total dans le domaine du bardage et de la t\u00f4lerie<\/h1>\n<p>[\/et_pb_text][et_pb_text _builder_version=\u00a0\u00bb4.26.1&Prime; _module_preset=\u00a0\u00bbdefault\u00a0\u00bb width=\u00a0\u00bb686px\u00a0\u00bb width_tablet=\u00a0\u00bb100%\u00a0\u00bb width_phone=\u00a0\u00bb100%\u00a0\u00bb width_last_edited=\u00a0\u00bbon|tablet\u00a0\u00bb text_font_size_tablet=\u00a0\u00bb13px\u00a0\u00bb text_font_size_phone=\u00a0\u00bb13px\u00a0\u00bb text_font_size_last_edited=\u00a0\u00bbon|tablet\u00a0\u00bb global_colors_info=\u00a0\u00bb{}\u00a0\u00bb]<\/p>\n<p>Avec un demi-si\u00e8cle d&rsquo;exp\u00e9rience et quelque 120 experts, nous nous mettons chaque jour au travail pour mettre nos connaissances et nos comp\u00e9tences au service de votre projet en mati\u00e8re de bardage et de t\u00f4lerie. De l&rsquo;id\u00e9e \u00e0 l&rsquo;ex\u00e9cution et au suivi : \u00e0 chaque \u00e9tape, nos ing\u00e9nieurs r\u00e9fl\u00e9chissent avec vous, tandis que nos artisans ex\u00e9cutent tout \u00e0 la perfection. <\/p>\n<p>[\/et_pb_text][et_pb_text _builder_version=\u00a0\u00bb4.27.0&Prime; _module_preset=\u00a0\u00bbdefault\u00a0\u00bb link_text_color=\u00a0\u00bb#0163DC\u00a0\u00bb global_colors_info=\u00a0\u00bb{}\u00a0\u00bb]<a href=\"#read-more\">Que pouvons-nous faire pour vous ?<\/a>[\/et_pb_text][\/et_pb_column][et_pb_column type=\u00a0\u00bb1_4&Prime; disabled_on=\u00a0\u00bbon|on|off\u00a0\u00bb _builder_version=\u00a0\u00bb4.27.0&Prime; _module_preset=\u00a0\u00bbdefault\u00a0\u00bb global_colors_info=\u00a0\u00bb{}\u00a0\u00bb][et_pb_image src=\u00a0\u00bbhttps:\/\/www.limeparts-drooghmans.be\/wp-content\/uploads\/2024\/07\/CleanShot-2024-02-22-at-13.32-1.jpg\u00a0\u00bb title_text=\u00a0\u00bbCleanShot 2024-02-22 at 13.32 1&Prime; _builder_version=\u00a0\u00bb4.27.0&Prime; _module_preset=\u00a0\u00bbdefault\u00a0\u00bb max_width_tablet=\u00a0\u00bb500px\u00a0\u00bb max_width_phone=\u00a0\u00bb300px\u00a0\u00bb max_width_last_edited=\u00a0\u00bbon|tablet\u00a0\u00bb module_alignment=\u00a0\u00bbright\u00a0\u00bb global_colors_info=\u00a0\u00bb{}\u00a0\u00bb][\/et_pb_image][\/et_pb_column][\/et_pb_row][\/et_pb_section][et_pb_section fb_built=\u00a0\u00bb1&Prime; custom_padding_last_edited=\u00a0\u00bbon|phone\u00a0\u00bb disabled_on=\u00a0\u00bboff|off|off\u00a0\u00bb module_id=\u00a0\u00bbread-more\u00a0\u00bb _builder_version=\u00a0\u00bb4.27.0&Prime; height_tablet=\u00a0\u00bb\u00a0\u00bb height_phone=\u00a0\u00bb\u00a0\u00bb height_last_edited=\u00a0\u00bbon|phone\u00a0\u00bb custom_margin=\u00a0\u00bb||70px||false|false\u00a0\u00bb custom_padding=\u00a0\u00bb0||0||false|false\u00a0\u00bb custom_padding_tablet=\u00a0\u00bb0px||||false|false\u00a0\u00bb custom_padding_phone=\u00a0\u00bb0px||||false|false\u00a0\u00bb global_colors_info=\u00a0\u00bb{}\u00a0\u00bb][et_pb_row disabled_on=\u00a0\u00bbon|on|off\u00a0\u00bb _builder_version=\u00a0\u00bb4.27.0&Prime; _module_preset=\u00a0\u00bbdefault\u00a0\u00bb width=\u00a0\u00bb100%\u00a0\u00bb max_width=\u00a0\u00bb100%\u00a0\u00bb height=\u00a0\u00bb508px\u00a0\u00bb height_tablet=\u00a0\u00bb508px\u00a0\u00bb height_phone=\u00a0\u00bb508px\u00a0\u00bb height_last_edited=\u00a0\u00bbon|phone\u00a0\u00bb global_colors_info=\u00a0\u00bb{}\u00a0\u00bb][et_pb_column type=\u00a0\u00bb4_4&Prime; _builder_version=\u00a0\u00bb4.27.0&Prime; _module_preset=\u00a0\u00bbdefault\u00a0\u00bb global_colors_info=\u00a0\u00bb{}\u00a0\u00bb][dsm_image_accordion ia_height=\u00a0\u00bb508px\u00a0\u00bb ia_direction_tablet=\u00a0\u00bb\u00a0\u00bb ia_direction_phone=\u00a0\u00bbvertical\u00a0\u00bb ia_direction_last_edited=\u00a0\u00bbon|phone\u00a0\u00bb ia_height_tablet=\u00a0\u00bb508px\u00a0\u00bb ia_height_phone=\u00a0\u00bb380px\u00a0\u00bb ia_height_last_edited=\u00a0\u00bbon|phone\u00a0\u00bb _builder_version=\u00a0\u00bb4.27.0&Prime; _module_preset=\u00a0\u00bbdefault\u00a0\u00bb height=\u00a0\u00bb508px\u00a0\u00bb height_tablet=\u00a0\u00bb508px\u00a0\u00bb height_phone=\u00a0\u00bb508px\u00a0\u00bb height_last_edited=\u00a0\u00bbon|phone\u00a0\u00bb global_colors_info=\u00a0\u00bb{}\u00a0\u00bb][dsm_image_accordion_child image_accordion_src=\u00a0\u00bbhttps:\/\/www.limeparts-drooghmans.be\/wp-content\/uploads\/2024\/07\/Referentie_optimized_500.jpg\u00a0\u00bb title_text=\u00a0\u00bbReferentie_optimized_500&Prime; image_accordion_title=\u00a0\u00bbSyst\u00e8mes de fa\u00e7ades ventil\u00e9es\u00a0\u00bb image_accordion_desc=\u00a0\u00bbVous \u00eates architecte, entrepreneur ou entreprise de construction \u00e0 la recherche d&rsquo;un partenaire global en rev\u00eatement de fa\u00e7ade ? Cliquez ici ! \u00a0\u00bb show_ia_button=\u00a0\u00bbon\u00a0\u00bb ia_button_text=\u00a0\u00bbEn savoir plus\u00a0\u00bb ia_button_link=\u00a0\u00bb@ET-DC@eyJkeW5hbWljIjp0cnVlLCJjb250ZW50IjoicG9zdF9saW5rX3VybF9wYWdlIiwic2V0dGluZ3MiOnsicG9zdF9pZCI6IjcxNzE2IiwiZW5hYmxlX2h0bWwiOiJvZmYifX0=@\u00a0\u00bb ia_button_link_target=\u00a0\u00bb1&Prime; ia_align_horizontal=\u00a0\u00bbleft\u00a0\u00bb ia_align_vertical=\u00a0\u00bbtop\u00a0\u00bb image_accordion_overlay_title=\u00a0\u00bbSyst\u00e8mes de fa\u00e7ades ventil\u00e9es\u00a0\u00bb _builder_version=\u00a0\u00bb4.27.0&Prime; _dynamic_attributes=\u00a0\u00bbia_button_link,link_option_url\u00a0\u00bb _module_preset=\u00a0\u00bbdefault\u00a0\u00bb title_level=\u00a0\u00bbh3&Prime; title_font=\u00a0\u00bb|600|||||||\u00a0\u00bb title_font_size=\u00a0\u00bb34px\u00a0\u00bb desc_font=\u00a0\u00bb|300|||||||\u00a0\u00bb desc_font_size=\u00a0\u00bb14px\u00a0\u00bb overlay_title_font=\u00a0\u00bb&#8211;et_global_heading_font||||||||\u00a0\u00bb overlay_title_font_size=\u00a0\u00bb34px\u00a0\u00bb custom_button=\u00a0\u00bbon\u00a0\u00bb button_text_size=\u00a0\u00bb13px\u00a0\u00bb button_text_color=\u00a0\u00bb#FFFFFF\u00a0\u00bb button_bg_color=\u00a0\u00bb#0163DC\u00a0\u00bb button_use_icon=\u00a0\u00bbon\u00a0\u00bb button_icon=\u00a0\u00bb&#x35;||divi||400&Prime; button_icon_color=\u00a0\u00bb#FFFFFF\u00a0\u00bb button_on_hover=\u00a0\u00bboff\u00a0\u00bb button_custom_padding=\u00a0\u00bb12px|35px|12px|20px|true|false\u00a0\u00bb height=\u00a0\u00bb508px\u00a0\u00bb height_tablet=\u00a0\u00bb508px\u00a0\u00bb height_phone=\u00a0\u00bb0px\u00a0\u00bb height_last_edited=\u00a0\u00bbon|phone\u00a0\u00bb custom_padding=\u00a0\u00bb50px|30px||95px|false|false\u00a0\u00bb link_option_url=\u00a0\u00bb@ET-DC@eyJkeW5hbWljIjp0cnVlLCJjb250ZW50IjoicG9zdF9saW5rX3VybF9wYWdlIiwic2V0dGluZ3MiOnsicG9zdF9pZCI6IjcxNzE2IiwiZW5hYmxlX2h0bWwiOiJvZmYifX0=@\u00a0\u00bb global_colors_info=\u00a0\u00bb{}\u00a0\u00bb][\/dsm_image_accordion_child][dsm_image_accordion_child image_accordion_src=\u00a0\u00bbhttps:\/\/www.limeparts-drooghmans.be\/wp-content\/uploads\/2024\/07\/Referentie2_optimized_500.jpg\u00a0\u00bb title_text=\u00a0\u00bbReferentie2_optimized_500&Prime; image_accordion_title=\u00a0\u00bbT\u00f4lerie industrielle\u00a0\u00bb image_accordion_desc=\u00a0\u00bbVous cherchez un fournisseur avec des d\u00e9cennies d&rsquo;exp\u00e9rience et d&rsquo;expertise dans le domaine du travail des m\u00e9taux ? Ne cherchez pas plus loin !  \u00a0\u00bb show_ia_button=\u00a0\u00bbon\u00a0\u00bb ia_button_text=\u00a0\u00bbEn savoir plus\u00a0\u00bb ia_button_link=\u00a0\u00bb@ET-DC@eyJkeW5hbWljIjp0cnVlLCJjb250ZW50IjoicG9zdF9saW5rX3VybF9wYWdlIiwic2V0dGluZ3MiOnsicG9zdF9pZCI6IjcyMDczIiwiZW5hYmxlX2h0bWwiOiJvZmYifX0=@\u00a0\u00bb ia_button_link_target=\u00a0\u00bb1&Prime; ia_align_horizontal=\u00a0\u00bbleft\u00a0\u00bb ia_align_vertical=\u00a0\u00bbtop\u00a0\u00bb image_accordion_overlay_title=\u00a0\u00bbT\u00f4lerie industrielle\u00a0\u00bb _builder_version=\u00a0\u00bb4.27.0&Prime; _dynamic_attributes=\u00a0\u00bbia_button_link,link_option_url\u00a0\u00bb _module_preset=\u00a0\u00bbdefault\u00a0\u00bb title_font=\u00a0\u00bb|600|||||||\u00a0\u00bb title_font_size=\u00a0\u00bb34px\u00a0\u00bb desc_font=\u00a0\u00bb|300|||||||\u00a0\u00bb desc_font_size=\u00a0\u00bb14px\u00a0\u00bb overlay_title_font=\u00a0\u00bb&#8211;et_global_heading_font||||||||\u00a0\u00bb overlay_title_font_size=\u00a0\u00bb34px\u00a0\u00bb custom_button=\u00a0\u00bbon\u00a0\u00bb button_text_size=\u00a0\u00bb13px\u00a0\u00bb button_text_color=\u00a0\u00bb#FFFFFF\u00a0\u00bb button_bg_color=\u00a0\u00bb#0163DC\u00a0\u00bb button_icon=\u00a0\u00bb&#x35;||divi||400&Prime; button_icon_color=\u00a0\u00bb#FFFFFF\u00a0\u00bb button_on_hover=\u00a0\u00bboff\u00a0\u00bb button_custom_padding=\u00a0\u00bb12px|35px|12px|20px|true|false\u00a0\u00bb height_tablet=\u00a0\u00bb\u00a0\u00bb height_phone=\u00a0\u00bb0px\u00a0\u00bb height_last_edited=\u00a0\u00bbon|phone\u00a0\u00bb custom_padding=\u00a0\u00bb50px|30px||95px|false|false\u00a0\u00bb link_option_url=\u00a0\u00bb@ET-DC@eyJkeW5hbWljIjp0cnVlLCJjb250ZW50IjoicG9zdF9saW5rX3VybF9wYWdlIiwic2V0dGluZ3MiOnsicG9zdF9pZCI6IjcyMDczIiwiZW5hYmxlX2h0bWwiOiJvZmYifX0=@\u00a0\u00bb global_colors_info=\u00a0\u00bb{}\u00a0\u00bb][\/dsm_image_accordion_child][\/dsm_image_accordion][\/et_pb_column][\/et_pb_row][et_pb_row column_structure=\u00a0\u00bb1_2,1_2&Prime; disabled_on=\u00a0\u00bboff|off|on\u00a0\u00bb _builder_version=\u00a0\u00bb4.27.0&Prime; _module_preset=\u00a0\u00bbdefault\u00a0\u00bb width=\u00a0\u00bb100%\u00a0\u00bb max_width=\u00a0\u00bbunset\u00a0\u00bb global_colors_info=\u00a0\u00bb{}\u00a0\u00bb][et_pb_column type=\u00a0\u00bb1_2&Prime; _builder_version=\u00a0\u00bb4.27.0&Prime; _dynamic_attributes=\u00a0\u00bblink_option_url\u00a0\u00bb _module_preset=\u00a0\u00bbdefault\u00a0\u00bb background_image=\u00a0\u00bbhttps:\/\/www.limeparts-drooghmans.be\/wp-content\/uploads\/2024\/07\/Referentie_optimized_500.jpg\u00a0\u00bb custom_padding=\u00a0\u00bb100px||100px||true|false\u00a0\u00bb link_option_url=\u00a0\u00bb@ET-DC@eyJkeW5hbWljIjp0cnVlLCJjb250ZW50IjoicG9zdF9saW5rX3VybF9wYWdlIiwic2V0dGluZ3MiOnsicG9zdF9pZCI6IjcxNzE2IiwiZW5hYmxlX2h0bWwiOiJvZmYifX0=@\u00a0\u00bb global_colors_info=\u00a0\u00bb{}\u00a0\u00bb][et_pb_text _builder_version=\u00a0\u00bb4.27.0&Prime; _module_preset=\u00a0\u00bbdefault\u00a0\u00bb text_text_color=\u00a0\u00bb#FFFFFF\u00a0\u00bb header_3_text_color=\u00a0\u00bb#FFFFFF\u00a0\u00bb header_3_font_size=\u00a0\u00bb28px\u00a0\u00bb custom_padding=\u00a0\u00bb|20px||20px|false|true\u00a0\u00bb global_colors_info=\u00a0\u00bb{}\u00a0\u00bb]<\/p>\n<h3>Syst\u00e8mes de fa\u00e7ades ventil\u00e9es<\/h3>\n<p>Vous \u00eates architecte, entrepreneur ou entreprise de construction \u00e0 la recherche d&rsquo;un partenaire global en rev\u00eatement de fa\u00e7ade ? Cliquez ici ! <\/p>\n<p>[\/et_pb_text][et_pb_code _builder_version=\u00a0\u00bb4.27.0&Prime; _module_preset=\u00a0\u00bbdefault\u00a0\u00bb global_colors_info=\u00a0\u00bb{}\u00a0\u00bb]<\/p>\n<div class=\"dsm_image_accordion_image_icon_wrapper custom-arrow-block\"><!-- [et_pb_line_break_holder] --><span class=\"et-pb-icon et-pb-font-icon dsm_image_accordion_icon\"><!-- [et_pb_line_break_holder] -->  5<!-- [et_pb_line_break_holder] --> <\/span><!-- [et_pb_line_break_holder] --><\/div>\n<p>[\/et_pb_code][\/et_pb_column][et_pb_column type=\u00a0\u00bb1_2&Prime; _builder_version=\u00a0\u00bb4.27.0&Prime; _dynamic_attributes=\u00a0\u00bblink_option_url\u00a0\u00bb _module_preset=\u00a0\u00bbdefault\u00a0\u00bb background_image=\u00a0\u00bbhttps:\/\/www.limeparts-drooghmans.be\/wp-content\/uploads\/2024\/07\/Referentie2_optimized_500.jpg\u00a0\u00bb custom_padding=\u00a0\u00bb100px||100px||true|false\u00a0\u00bb link_option_url=\u00a0\u00bb@ET-DC@eyJkeW5hbWljIjp0cnVlLCJjb250ZW50IjoicG9zdF9saW5rX3VybF9wYWdlIiwic2V0dGluZ3MiOnsicG9zdF9pZCI6IjcyMDczIiwiZW5hYmxlX2h0bWwiOiJvZmYifX0=@\u00a0\u00bb global_colors_info=\u00a0\u00bb{}\u00a0\u00bb][et_pb_text _builder_version=\u00a0\u00bb4.27.0&Prime; _module_preset=\u00a0\u00bbdefault\u00a0\u00bb text_text_color=\u00a0\u00bb#FFFFFF\u00a0\u00bb header_3_text_color=\u00a0\u00bb#FFFFFF\u00a0\u00bb header_3_font_size=\u00a0\u00bb28px\u00a0\u00bb custom_padding=\u00a0\u00bb|20px||20px|false|true\u00a0\u00bb global_colors_info=\u00a0\u00bb{}\u00a0\u00bb]<\/p>\n<h3>T\u00f4lerie industrielle<\/h3>\n<p>Vous cherchez un fournisseur avec des d\u00e9cennies d&rsquo;exp\u00e9rience et d&rsquo;expertise dans le domaine du travail des m\u00e9taux ? Ne cherchez pas plus loin ! <\/p>\n<p>[\/et_pb_text][et_pb_code _builder_version=\u00a0\u00bb4.27.0&Prime; _module_preset=\u00a0\u00bbdefault\u00a0\u00bb global_colors_info=\u00a0\u00bb{}\u00a0\u00bb]<\/p>\n<div class=\"dsm_image_accordion_image_icon_wrapper custom-arrow-block\"><!-- [et_pb_line_break_holder] --><span class=\"et-pb-icon et-pb-font-icon dsm_image_accordion_icon\"><!-- [et_pb_line_break_holder] -->  5<!-- [et_pb_line_break_holder] --> <\/span><!-- [et_pb_line_break_holder] --><\/div>\n<p>[\/et_pb_code][\/et_pb_column][\/et_pb_row][\/et_pb_section]<\/p>\n","protected":false},"excerpt":{"rendered":"<p>Votre partenaire total dans le domaine du bardage et de la t\u00f4lerieAvec un demi-si\u00e8cle d&rsquo;exp\u00e9rience et quelque 120 experts, nous nous mettons chaque jour au travail pour mettre nos connaissances et nos comp\u00e9tences au service de votre projet en mati\u00e8re de bardage et de t\u00f4lerie. De l&rsquo;id\u00e9e \u00e0 l&rsquo;ex\u00e9cution et au suivi : \u00e0 chaque \u00e9tape, nos ing\u00e9nieurs r\u00e9fl\u00e9chissent avec vous, tandis que nos artisans ex\u00e9cutent tout \u00e0 la perfection. Que pouvons-nous faire pour vous ?<div class=\"et_pb_module dsm_image_accordion dsm_image_accordion_0 dsm_image_accordion_animation_fade_in dsm_image_accordion_animation_sequence_off\">\n\t\t\t\t\n\t\t\t\t\n\t\t\t\t\n\t\t\t\t\n\t\t\t\t\n\t\t\t\t\n\t\t\t\t<div class=\"et_pb_module_inner\">\n\t\t\t\t\t<div class=\"dsm_image_accordion_wrapper dsm_image_accordion_trigger_on_hover\">\n                \n            <\/div>\n\t\t\t\t<\/div>\n\t\t\t<\/div><div  class=\"et_pb_module dsm_image_accordion_child dsm_image_accordion_child_0 dsm_image_accordion_horizontal_left dsm_image_accordion_vertical_top      \"> \n\t\t\t   <div class=\"et_pb_module_inner\"> \n\t\t\t\t\t<div class=\"dsm_image_accordion_child_content\">\n\t\t\t\t\t\t\n\t\t\t\t\t\t<h3 class=\"dsm_image_accordion_title\">Syst\u00e8mes de fa\u00e7ades ventil\u00e9es<\/h3>\n\t\t\t\t\t\t<div class=\"dsm_image_accordion_description\">Vous \u00eates architecte, entrepreneur ou entreprise de construction \u00e0 la recherche d'un partenaire global en rev\u00eatement de fa\u00e7ade ? Cliquez ici ! <\/div>\n\t\t\t\t\t\t<div class=\"et_pb_button_wrapper dsm_image_accordion_button_wrapper\"><a class=\"et_pb_button dsm_ia_button\" href=\"\" data-icon=\"5\">En savoir plus<\/a><\/div>\n\t\t\t\t\t<\/div>\n\t\t\t\t\t<div class=\"dsm_image_accordion_overylay_content\">\n                    <div class=\"dsm_image_accordion_overylay_title\">Syst\u00e8mes de fa\u00e7ades ventil\u00e9es<\/div>\n            <\/div>\n\t\t\t\t<\/div>\n\t\t\t<\/div><div  class=\"et_pb_module dsm_image_accordion_child dsm_image_accordion_child_1 dsm_image_accordion_horizontal_\u00bbleft dsm_image_accordion_vertical_\u00bbtop      \"> \n\t\t\t   <div class=\"et_pb_module_inner\"> \n\t\t\t\t\t<div class=\"dsm_image_accordion_child_content\">\n\t\t\t\t\t\t\n\t\t\t\t\t\t<h3 class=\"dsm_image_accordion_title\">\u00bbT\u00f4lerie<\/h3>\n\t\t\t\t\t\t<div class=\"dsm_image_accordion_description\">\u00bbVous<\/div>\n\t\t\t\t\t\t\n\t\t\t\t\t<\/div>\n\t\t\t\t\t<div class=\"dsm_image_accordion_overylay_content\">\n                    <div class=\"dsm_image_accordion_overylay_title\">\u00bbT\u00f4lerie<\/div>\n            <\/div>\n\t\t\t\t<\/div>\n\t\t\t<\/div><\/p>\n","protected":false},"author":2,"featured_media":0,"parent":0,"menu_order":0,"comment_status":"closed","ping_status":"closed","template":"","meta":{"_acf_changed":false,"_et_pb_use_builder":"on","_et_pb_old_content":"","_et_gb_content_width":"","footnotes":""},"class_list":["post-72575","page","type-page","status-publish","hentry"],"acf":[],"yoast_head":"<!-- This site is optimized with the Yoast SEO plugin v27.5 - https:\/\/yoast.com\/product\/yoast-seo-wordpress\/ -->\n<title>Limeparts-Drooghmans | Bardage et t\u00f4lerie<\/title>\n<meta name=\"description\" content=\"Limeparts-Drooghmans, votre partenaire total dans le domaine du bardage et du traitement de la t\u00f4le. Contactez-nous pour votre projet.\" \/>\n<meta name=\"robots\" content=\"index, follow, max-snippet:-1, max-image-preview:large, max-video-preview:-1\" \/>\n<link rel=\"canonical\" href=\"https:\/\/www.limeparts-drooghmans.be\/fr\/\" \/>\n<meta property=\"og:locale\" content=\"fr_FR\" \/>\n<meta property=\"og:type\" content=\"article\" \/>\n<meta property=\"og:title\" content=\"Limeparts-Drooghmans | Bardage et t\u00f4lerie\" \/>\n<meta property=\"og:description\" content=\"Limeparts-Drooghmans, votre partenaire total dans le domaine du bardage et du traitement de la t\u00f4le. Contactez-nous pour votre projet.\" \/>\n<meta property=\"og:url\" content=\"https:\/\/www.limeparts-drooghmans.be\/fr\/\" \/>\n<meta property=\"og:site_name\" content=\"Limeparts-Drooghmans\" \/>\n<meta property=\"article:modified_time\" content=\"2025-10-03T09:29:26+00:00\" \/>\n<meta property=\"og:image\" content=\"https:\/\/www.limeparts-drooghmans.be\/wp-content\/uploads\/2024\/07\/Frame_9191_optimized_500.jpg\" \/>\n\t<meta property=\"og:image:width\" content=\"1740\" \/>\n\t<meta property=\"og:image:height\" content=\"980\" \/>\n\t<meta property=\"og:image:type\" content=\"image\/jpeg\" \/>\n<meta name=\"twitter:card\" content=\"summary_large_image\" \/>\n<meta name=\"twitter:label1\" content=\"Dur\u00e9e de lecture estim\u00e9e\" \/>\n\t<meta name=\"twitter:data1\" content=\"6 minutes\" \/>\n<script type=\"application\/ld+json\" class=\"yoast-schema-graph\">{\"@context\":\"https:\\\/\\\/schema.org\",\"@graph\":[{\"@type\":\"WebPage\",\"@id\":\"https:\\\/\\\/www.limeparts-drooghmans.be\\\/fr\\\/\",\"url\":\"https:\\\/\\\/www.limeparts-drooghmans.be\\\/fr\\\/\",\"name\":\"Limeparts-Drooghmans | Bardage et t\u00f4lerie\",\"isPartOf\":{\"@id\":\"https:\\\/\\\/www.limeparts-drooghmans.be\\\/#website\"},\"datePublished\":\"2024-07-15T11:49:41+00:00\",\"dateModified\":\"2025-10-03T09:29:26+00:00\",\"description\":\"Limeparts-Drooghmans, votre partenaire total dans le domaine du bardage et du traitement de la t\u00f4le. Contactez-nous pour votre projet.\",\"breadcrumb\":{\"@id\":\"https:\\\/\\\/www.limeparts-drooghmans.be\\\/fr\\\/#breadcrumb\"},\"inLanguage\":\"fr-FR\",\"potentialAction\":[{\"@type\":\"ReadAction\",\"target\":[\"https:\\\/\\\/www.limeparts-drooghmans.be\\\/fr\\\/\"]}]},{\"@type\":\"BreadcrumbList\",\"@id\":\"https:\\\/\\\/www.limeparts-drooghmans.be\\\/fr\\\/#breadcrumb\",\"itemListElement\":[{\"@type\":\"ListItem\",\"position\":1,\"name\":\"Home\",\"item\":\"https:\\\/\\\/www.limeparts-drooghmans.be\\\/fr\\\/\"},{\"@type\":\"ListItem\",\"position\":2,\"name\":\"Home\"}]},{\"@type\":\"WebSite\",\"@id\":\"https:\\\/\\\/www.limeparts-drooghmans.be\\\/#website\",\"url\":\"https:\\\/\\\/www.limeparts-drooghmans.be\\\/\",\"name\":\"Limeparts-Drooghmans\",\"description\":\"Jouw totaalpartner in gevelbekleding &amp; plaatbewerking\",\"publisher\":{\"@id\":\"https:\\\/\\\/www.limeparts-drooghmans.be\\\/#organization\"},\"alternateName\":\"LD\",\"potentialAction\":[{\"@type\":\"SearchAction\",\"target\":{\"@type\":\"EntryPoint\",\"urlTemplate\":\"https:\\\/\\\/www.limeparts-drooghmans.be\\\/?s={search_term_string}\"},\"query-input\":{\"@type\":\"PropertyValueSpecification\",\"valueRequired\":true,\"valueName\":\"search_term_string\"}}],\"inLanguage\":\"fr-FR\"},{\"@type\":\"Organization\",\"@id\":\"https:\\\/\\\/www.limeparts-drooghmans.be\\\/#organization\",\"name\":\"Limeparts-Drooghmans\",\"url\":\"https:\\\/\\\/www.limeparts-drooghmans.be\\\/\",\"logo\":{\"@type\":\"ImageObject\",\"inLanguage\":\"fr-FR\",\"@id\":\"https:\\\/\\\/www.limeparts-drooghmans.be\\\/#\\\/schema\\\/logo\\\/image\\\/\",\"url\":\"https:\\\/\\\/www.limeparts-drooghmans.be\\\/wp-content\\\/uploads\\\/2024\\\/07\\\/cropped-Logo.png\",\"contentUrl\":\"https:\\\/\\\/www.limeparts-drooghmans.be\\\/wp-content\\\/uploads\\\/2024\\\/07\\\/cropped-Logo.png\",\"width\":512,\"height\":512,\"caption\":\"Limeparts-Drooghmans\"},\"image\":{\"@id\":\"https:\\\/\\\/www.limeparts-drooghmans.be\\\/#\\\/schema\\\/logo\\\/image\\\/\"}}]}<\/script>\n<!-- \/ Yoast SEO plugin. -->","yoast_head_json":{"title":"Limeparts-Drooghmans | Bardage et t\u00f4lerie","description":"Limeparts-Drooghmans, votre partenaire total dans le domaine du bardage et du traitement de la t\u00f4le. Contactez-nous pour votre projet.","robots":{"index":"index","follow":"follow","max-snippet":"max-snippet:-1","max-image-preview":"max-image-preview:large","max-video-preview":"max-video-preview:-1"},"canonical":"https:\/\/www.limeparts-drooghmans.be\/fr\/","og_locale":"fr_FR","og_type":"article","og_title":"Limeparts-Drooghmans | Bardage et t\u00f4lerie","og_description":"Limeparts-Drooghmans, votre partenaire total dans le domaine du bardage et du traitement de la t\u00f4le. Contactez-nous pour votre projet.","og_url":"https:\/\/www.limeparts-drooghmans.be\/fr\/","og_site_name":"Limeparts-Drooghmans","article_modified_time":"2025-10-03T09:29:26+00:00","og_image":[{"width":1740,"height":980,"url":"https:\/\/www.limeparts-drooghmans.be\/wp-content\/uploads\/2024\/07\/Frame_9191_optimized_500.jpg","type":"image\/jpeg"}],"twitter_card":"summary_large_image","twitter_misc":{"Dur\u00e9e de lecture estim\u00e9e":"6 minutes"},"schema":{"@context":"https:\/\/schema.org","@graph":[{"@type":"WebPage","@id":"https:\/\/www.limeparts-drooghmans.be\/fr\/","url":"https:\/\/www.limeparts-drooghmans.be\/fr\/","name":"Limeparts-Drooghmans | Bardage et t\u00f4lerie","isPartOf":{"@id":"https:\/\/www.limeparts-drooghmans.be\/#website"},"datePublished":"2024-07-15T11:49:41+00:00","dateModified":"2025-10-03T09:29:26+00:00","description":"Limeparts-Drooghmans, votre partenaire total dans le domaine du bardage et du traitement de la t\u00f4le. Contactez-nous pour votre projet.","breadcrumb":{"@id":"https:\/\/www.limeparts-drooghmans.be\/fr\/#breadcrumb"},"inLanguage":"fr-FR","potentialAction":[{"@type":"ReadAction","target":["https:\/\/www.limeparts-drooghmans.be\/fr\/"]}]},{"@type":"BreadcrumbList","@id":"https:\/\/www.limeparts-drooghmans.be\/fr\/#breadcrumb","itemListElement":[{"@type":"ListItem","position":1,"name":"Home","item":"https:\/\/www.limeparts-drooghmans.be\/fr\/"},{"@type":"ListItem","position":2,"name":"Home"}]},{"@type":"WebSite","@id":"https:\/\/www.limeparts-drooghmans.be\/#website","url":"https:\/\/www.limeparts-drooghmans.be\/","name":"Limeparts-Drooghmans","description":"Jouw totaalpartner in gevelbekleding &amp; plaatbewerking","publisher":{"@id":"https:\/\/www.limeparts-drooghmans.be\/#organization"},"alternateName":"LD","potentialAction":[{"@type":"SearchAction","target":{"@type":"EntryPoint","urlTemplate":"https:\/\/www.limeparts-drooghmans.be\/?s={search_term_string}"},"query-input":{"@type":"PropertyValueSpecification","valueRequired":true,"valueName":"search_term_string"}}],"inLanguage":"fr-FR"},{"@type":"Organization","@id":"https:\/\/www.limeparts-drooghmans.be\/#organization","name":"Limeparts-Drooghmans","url":"https:\/\/www.limeparts-drooghmans.be\/","logo":{"@type":"ImageObject","inLanguage":"fr-FR","@id":"https:\/\/www.limeparts-drooghmans.be\/#\/schema\/logo\/image\/","url":"https:\/\/www.limeparts-drooghmans.be\/wp-content\/uploads\/2024\/07\/cropped-Logo.png","contentUrl":"https:\/\/www.limeparts-drooghmans.be\/wp-content\/uploads\/2024\/07\/cropped-Logo.png","width":512,"height":512,"caption":"Limeparts-Drooghmans"},"image":{"@id":"https:\/\/www.limeparts-drooghmans.be\/#\/schema\/logo\/image\/"}}]}},"_links":{"self":[{"href":"https:\/\/www.limeparts-drooghmans.be\/fr\/wp-json\/wp\/v2\/pages\/72575","targetHints":{"allow":["GET"]}}],"collection":[{"href":"https:\/\/www.limeparts-drooghmans.be\/fr\/wp-json\/wp\/v2\/pages"}],"about":[{"href":"https:\/\/www.limeparts-drooghmans.be\/fr\/wp-json\/wp\/v2\/types\/page"}],"author":[{"embeddable":true,"href":"https:\/\/www.limeparts-drooghmans.be\/fr\/wp-json\/wp\/v2\/users\/2"}],"replies":[{"embeddable":true,"href":"https:\/\/www.limeparts-drooghmans.be\/fr\/wp-json\/wp\/v2\/comments?post=72575"}],"version-history":[{"count":5,"href":"https:\/\/www.limeparts-drooghmans.be\/fr\/wp-json\/wp\/v2\/pages\/72575\/revisions"}],"predecessor-version":[{"id":79342,"href":"https:\/\/www.limeparts-drooghmans.be\/fr\/wp-json\/wp\/v2\/pages\/72575\/revisions\/79342"}],"wp:attachment":[{"href":"https:\/\/www.limeparts-drooghmans.be\/fr\/wp-json\/wp\/v2\/media?parent=72575"}],"curies":[{"name":"wp","href":"https:\/\/api.w.org\/{rel}","templated":true}]}}